{"id":6101,"date":"2019-03-19T13:06:09","date_gmt":"2019-03-19T13:06:09","guid":{"rendered":"https:\/\/zooco.es\/estudio\/"},"modified":"2025-12-02T15:54:05","modified_gmt":"2025-12-02T14:54:05","slug":"estudio","status":"publish","type":"page","link":"https:\/\/zooco.es\/en\/estudio\/","title":{"rendered":"Studio"},"content":{"rendered":"<div class=\"wpb-content-wrapper\"><p>[vc_row row_content_width=&#8221;grid&#8221; content_text_aligment=&#8221;&#8221; use_row_as_full_screen_section=&#8221;no&#8221;][vc_column][vc_single_image image=&#8221;8564&#8243; img_size=&#8221;full&#8221;][\/vc_column][\/vc_row][vc_row content_text_aligment=&#8221;&#8221; use_row_as_full_screen_section=&#8221;no&#8221;][vc_column][vc_empty_space][\/vc_column][\/vc_row][vc_row row_content_width=&#8221;grid&#8221; content_text_aligment=&#8221;&#8221; use_row_as_full_screen_section=&#8221;no&#8221; row_type=&#8221;row&#8221; type=&#8221;full_width&#8221; header_style=&#8221;&#8221; parallax_content_width=&#8221;in_grid&#8221; in_content_menu=&#8221;&#8221; content_menu_title=&#8221;&#8221; content_menu_icon=&#8221;&#8221; angled_section=&#8221;no&#8221; angled_section_position=&#8221;both&#8221; angled_section_direction=&#8221;from_left_to_right&#8221; text_align=&#8221;left&#8221; video=&#8221;&#8221; video_overlay=&#8221;&#8221; video_overlay_image=&#8221;&#8221; video_webm=&#8221;&#8221; video_mp4=&#8221;&#8221; video_ogv=&#8221;&#8221; video_image=&#8221;&#8221; background_image=&#8221;&#8221; background_image_as_pattern=&#8221;without_pattern&#8221; section_height=&#8221;&#8221; parallax_speed=&#8221;&#8221; background_color=&#8221;&#8221; border_color=&#8221;&#8221; row_negative_margin=&#8221;&#8221; side_padding=&#8221;&#8221; parallax_side_padding=&#8221;&#8221; padding_top=&#8221;&#8221; padding_bottom=&#8221;&#8221; color=&#8221;&#8221; hover_color=&#8221;&#8221; more_button_label=&#8221;&#8221; less_button_label=&#8221;&#8221; button_position=&#8221;&#8221; css_animation=&#8221;&#8221; transition_delay=&#8221;&#8221;][vc_column width=&#8221;1\/2&#8243;][vc_column_text]Zooco is an architectural studio founded in 2009 by Miguel Crespo Picot, Javier Guzm\u00e1n Benito and Sixto Mart\u00edn Mart\u00ednez, architects by the School of Architecture of Madrid.\u00a0 The study covers a wide spectrum from the design perspective. From large-scale building to furniture design. The adapted solutions to the client and their needs, and the use of a timeless language,\u00a0 are the hallmarks of a studio in permanent search of new challenges.<\/p>\n<p>Currently, we have offices in Madrid and Santander, where we develop projects both nationally and internationally. The work during these ten years covers more than 50 works published in national and international specialized media, some of which have been recognized in various awards such as the prestigious Design Vanguard 2019, NAN Construction 2019 + 2020, Frame Awards 2020, or the European 40 under 40 2020. Recently, Zooco has been chosen by Forbes magazine as one of the 100 most creative Spanish people in the business world.<\/p>\n<div><\/div>\n<p>[\/vc_column_text][\/vc_column][vc_column width=&#8221;1\/2&#8243;][vc_column_text]Our philosophy consists into approach any type of assignment, regardless of its scale, budget and program, with the same attitude and creative ambition. Applying the same process searching the most appropriate and valuable solution, both from an artistic and functional point of view. In a world as changing and fleeting as today, we look for architectural and spatial solutions that stand the pass of time, that endure through the constant irruption of trends and fashions, which is the phenomena that cause an immediate expiration of most creative proposals. One of our main objectives is to present design as an added value. We support the client throughout the process of creation and construction of the project, from the first contact until the start-up of the business, advising on all aspects that interfere in the final result.[\/vc_column_text][\/vc_column][\/vc_row][vc_row content_text_aligment=&#8221;&#8221; use_row_as_full_screen_section=&#8221;no&#8221;][vc_column][vc_empty_space][\/vc_column][\/vc_row][vc_row row_content_width=&#8221;grid&#8221; content_text_aligment=&#8221;&#8221; use_row_as_full_screen_section=&#8221;no&#8221; row_type=&#8221;row&#8221; type=&#8221;full_width&#8221; header_style=&#8221;&#8221; parallax_content_width=&#8221;in_grid&#8221; in_content_menu=&#8221;&#8221; content_menu_title=&#8221;&#8221; content_menu_icon=&#8221;&#8221; angled_section=&#8221;no&#8221; angled_section_position=&#8221;both&#8221; angled_section_direction=&#8221;from_left_to_right&#8221; text_align=&#8221;left&#8221; video=&#8221;&#8221; video_overlay=&#8221;&#8221; video_overlay_image=&#8221;&#8221; video_webm=&#8221;&#8221; video_mp4=&#8221;&#8221; video_ogv=&#8221;&#8221; video_image=&#8221;&#8221; background_image=&#8221;&#8221; background_image_as_pattern=&#8221;without_pattern&#8221; section_height=&#8221;&#8221; parallax_speed=&#8221;&#8221; background_color=&#8221;&#8221; border_color=&#8221;&#8221; row_negative_margin=&#8221;&#8221; side_padding=&#8221;&#8221; parallax_side_padding=&#8221;&#8221; padding_top=&#8221;&#8221; padding_bottom=&#8221;&#8221; color=&#8221;&#8221; hover_color=&#8221;&#8221; more_button_label=&#8221;&#8221; less_button_label=&#8221;&#8221; button_position=&#8221;&#8221; css_animation=&#8221;&#8221; transition_delay=&#8221;&#8221;][vc_column width=&#8221;1\/2&#8243;][vc_column_text]<strong>TEAM<\/strong>[\/vc_column_text][vc_column_text]Javier Guzm\u00e1n Benito, Architect.<br \/>\nMiguel Crespo Picot, Architect.<br \/>\nSixto Mart\u00edn Mart\u00ednez, Architect.<\/p>\n<p>Beatriz Villahoz Herrero, Architect.<br \/>\nEstefan\u00eda S\u00e1nchez Antol\u00edn, Architect.<br \/>\nJoaquin Granda Arce, Architect,<br \/>\nJorge Alonso Albendea, Architect.<br \/>\nMar\u00eda Larriba Hombrados, Architect.<br \/>\nPaula Cruz Fern\u00e1ndez, Architect.[\/vc_column_text][\/vc_column][vc_column width=&#8221;1\/2&#8243;][vc_column_text]<strong>COLLABORATORS<\/strong>[\/vc_column_text][vc_column_text][\/vc_column_text][vc_column_text]Patricia V\u00e1zquez S\u00e1ez<br \/>\nEmma Dury[\/vc_column_text][\/vc_column][\/vc_row][vc_row content_text_aligment=&#8221;&#8221; use_row_as_full_screen_section=&#8221;no&#8221;][vc_column][vc_empty_space][\/vc_column][\/vc_row][vc_row content_text_aligment=&#8221;&#8221; use_row_as_full_screen_section=&#8221;no&#8221; css=&#8221;.vc_custom_1554111952716{margin-top: 50px !important;border-top-width: 1px !important;padding-top: 0px !important;padding-right: 3.7% !important;padding-bottom: 61px !important;padding-left: 3.7% !important;border-top-color: #e5e5e5 !important;border-top-style: solid !important;}&#8221;][vc_column width=&#8221;1\/5&#8243;][vc_widget_sidebar sidebar_id=&#8221;footer_bottom_column_1&#8243;][\/vc_column][vc_column width=&#8221;1\/5&#8243;][vc_widget_sidebar sidebar_id=&#8221;footer_top_column_2&#8243;][\/vc_column][vc_column width=&#8221;1\/5&#8243;][vc_widget_sidebar sidebar_id=&#8221;footer_top_column_4&#8243;][\/vc_column][vc_column width=&#8221;2\/5&#8243;][vc_column_text]<strong>Contact us<\/strong>[\/vc_column_text]\n<div class=\"wpcf7 no-js\" id=\"wpcf7-f4232-o1\" lang=\"es-ES\" dir=\"ltr\" data-wpcf7-id=\"4232\">\n<div class=\"screen-reader-response\"><p role=\"status\" aria-live=\"polite\" aria-atomic=\"true\"><\/p> <ul><\/ul><\/div>\n<form action=\"\/en\/wp-json\/wp\/v2\/pages\/6101#wpcf7-f4232-o1\" method=\"post\" class=\"wpcf7-form init cf7_custom_style_1\" aria-label=\"Formulario de contacto\" novalidate=\"novalidate\" data-status=\"init\">\n<fieldset class=\"hidden-fields-container\"><input type=\"hidden\" name=\"_wpcf7\" value=\"4232\" \/><input type=\"hidden\" name=\"_wpcf7_version\" value=\"6.1.5\" \/><input type=\"hidden\" name=\"_wpcf7_locale\" value=\"es_ES\" \/><input type=\"hidden\" name=\"_wpcf7_unit_tag\" value=\"wpcf7-f4232-o1\" \/><input type=\"hidden\" name=\"_wpcf7_container_post\" value=\"0\" \/><input type=\"hidden\" name=\"_wpcf7_posted_data_hash\" value=\"\" \/><input type=\"hidden\" name=\"_wpcf7_recaptcha_response\" value=\"\" \/>\n<\/fieldset>\n<div style=\"float: left; width:49%;\">\n\t<p><span class=\"wpcf7-form-control-wrap\" data-name=\"your-name\"><input size=\"40\" maxlength=\"400\" class=\"wpcf7-form-control wpcf7-text wpcf7-validates-as-required\" aria-required=\"true\" aria-invalid=\"false\" placeholder=\"Nombre\" value=\"\" type=\"text\" name=\"your-name\" \/><\/span>\n\t<\/p>\n<\/div>\n<div style=\"float: right; width:49%;\">\n\t<p><span class=\"wpcf7-form-control-wrap\" data-name=\"apellidos\"><input size=\"40\" maxlength=\"400\" class=\"wpcf7-form-control wpcf7-text wpcf7-validates-as-required\" aria-required=\"true\" aria-invalid=\"false\" placeholder=\"Apellidos\" value=\"\" type=\"text\" name=\"apellidos\" \/><\/span>\n\t<\/p>\n<\/div>\n<p><span class=\"wpcf7-form-control-wrap\" data-name=\"your-email\"><input size=\"40\" maxlength=\"400\" class=\"wpcf7-form-control wpcf7-email wpcf7-validates-as-required wpcf7-text wpcf7-validates-as-email\" aria-required=\"true\" aria-invalid=\"false\" placeholder=\"Email\" value=\"\" type=\"email\" name=\"your-email\" \/><\/span>\n<\/p>\n<p><span class=\"wpcf7-form-control-wrap\" data-name=\"your-message\"><textarea cols=\"40\" rows=\"10\" maxlength=\"2000\" class=\"wpcf7-form-control wpcf7-textarea\" aria-invalid=\"false\" placeholder=\"Mensaje\" name=\"your-message\"><\/textarea><\/span>\n<\/p>\n<p><input class=\"wpcf7-form-control wpcf7-submit has-spinner\" type=\"submit\" value=\"Enviar\" \/>\n<\/p><div class=\"wpcf7-response-output\" aria-hidden=\"true\"><\/div>\n<\/form>\n<\/div>\n[\/vc_column][\/vc_row]<\/p>\n<\/div>","protected":false},"excerpt":{"rendered":"<p>[vc_row row_content_width=&#8221;grid&#8221; content_text_aligment=&#8221;&#8221; use_row_as_full_screen_section=&#8221;no&#8221;][vc_column][vc_single_image image=&#8221;8564&#8243; img_size=&#8221;full&#8221;][\/vc_column][\/vc_row][vc_row content_text_aligment=&#8221;&#8221; use_row_as_full_screen_section=&#8221;no&#8221;][vc_column][vc_empty_space][\/vc_column][\/vc_row][vc_row row_content_width=&#8221;grid&#8221; content_text_aligment=&#8221;&#8221; use_row_as_full_screen_section=&#8221;no&#8221; row_type=&#8221;row&#8221; type=&#8221;full_width&#8221; header_style=&#8221;&#8221; parallax_content_width=&#8221;in_grid&#8221; in_content_menu=&#8221;&#8221; content_menu_title=&#8221;&#8221; content_menu_icon=&#8221;&#8221; angled_section=&#8221;no&#8221; angled_section_position=&#8221;both&#8221; angled_section_direction=&#8221;from_left_to_right&#8221; text_align=&#8221;left&#8221; video=&#8221;&#8221; video_overlay=&#8221;&#8221; video_overlay_image=&#8221;&#8221; video_webm=&#8221;&#8221; video_mp4=&#8221;&#8221; video_ogv=&#8221;&#8221; video_image=&#8221;&#8221; background_image=&#8221;&#8221; background_image_as_pattern=&#8221;without_pattern&#8221; section_height=&#8221;&#8221; parallax_speed=&#8221;&#8221; background_color=&#8221;&#8221; border_color=&#8221;&#8221; row_negative_margin=&#8221;&#8221; side_padding=&#8221;&#8221; parallax_side_padding=&#8221;&#8221; padding_top=&#8221;&#8221; padding_bottom=&#8221;&#8221; color=&#8221;&#8221; hover_color=&#8221;&#8221; more_button_label=&#8221;&#8221; less_button_label=&#8221;&#8221; button_position=&#8221;&#8221; [&hellip;]<\/p>\n","protected":false},"author":3,"featured_media":0,"parent":0,"menu_order":20,"comment_status":"closed","ping_status":"closed","template":"full-width.php","meta":{"_acf_changed":false,"footnotes":""},"class_list":["post-6101","page","type-page","status-publish","hentry"],"acf":[],"yoast_head":"<!-- This site is optimized with the Yoast SEO plugin v27.3 - https:\/\/yoast.com\/product\/yoast-seo-wordpress\/ -->\n<title>Studio - Zooco Estudio de Arquitectura en Santander y Madrid<\/title>\n<meta name=\"robots\" content=\"index, follow, max-snippet:-1, max-image-preview:large, max-video-preview:-1\" \/>\n<link rel=\"canonical\" href=\"https:\/\/zooco.es\/en\/estudio\/\" \/>\n<meta property=\"og:locale\" content=\"en_US\" \/>\n<meta property=\"og:type\" content=\"article\" \/>\n<meta property=\"og:title\" content=\"Studio - Zooco Estudio de Arquitectura en Santander y Madrid\" \/>\n<meta property=\"og:description\" content=\"[vc_row row_content_width=&#8221;grid&#8221; content_text_aligment=&#8221;&#8221; use_row_as_full_screen_section=&#8221;no&#8221;][vc_column][vc_single_image image=&#8221;8564&#8243; img_size=&#8221;full&#8221;][\/vc_column][\/vc_row][vc_row content_text_aligment=&#8221;&#8221; use_row_as_full_screen_section=&#8221;no&#8221;][vc_column][vc_empty_space][\/vc_column][\/vc_row][vc_row row_content_width=&#8221;grid&#8221; content_text_aligment=&#8221;&#8221; use_row_as_full_screen_section=&#8221;no&#8221; row_type=&#8221;row&#8221; type=&#8221;full_width&#8221; header_style=&#8221;&#8221; parallax_content_width=&#8221;in_grid&#8221; in_content_menu=&#8221;&#8221; content_menu_title=&#8221;&#8221; content_menu_icon=&#8221;&#8221; angled_section=&#8221;no&#8221; angled_section_position=&#8221;both&#8221; angled_section_direction=&#8221;from_left_to_right&#8221; text_align=&#8221;left&#8221; video=&#8221;&#8221; video_overlay=&#8221;&#8221; video_overlay_image=&#8221;&#8221; video_webm=&#8221;&#8221; video_mp4=&#8221;&#8221; video_ogv=&#8221;&#8221; video_image=&#8221;&#8221; background_image=&#8221;&#8221; background_image_as_pattern=&#8221;without_pattern&#8221; section_height=&#8221;&#8221; parallax_speed=&#8221;&#8221; background_color=&#8221;&#8221; border_color=&#8221;&#8221; row_negative_margin=&#8221;&#8221; side_padding=&#8221;&#8221; parallax_side_padding=&#8221;&#8221; padding_top=&#8221;&#8221; padding_bottom=&#8221;&#8221; color=&#8221;&#8221; hover_color=&#8221;&#8221; more_button_label=&#8221;&#8221; less_button_label=&#8221;&#8221; button_position=&#8221;&#8221; [&hellip;]\" \/>\n<meta property=\"og:url\" content=\"https:\/\/zooco.es\/en\/estudio\/\" \/>\n<meta property=\"og:site_name\" content=\"Zooco Estudio de Arquitectura en Santander y Madrid\" \/>\n<meta property=\"article:modified_time\" content=\"2025-12-02T14:54:05+00:00\" \/>\n<meta name=\"twitter:card\" content=\"summary_large_image\" \/>\n<meta name=\"twitter:label1\" content=\"Est. reading time\" \/>\n\t<meta name=\"twitter:data1\" content=\"3 minutes\" \/>\n<script type=\"application\/ld+json\" class=\"yoast-schema-graph\">{\"@context\":\"https:\\\/\\\/schema.org\",\"@graph\":[{\"@type\":\"WebPage\",\"@id\":\"https:\\\/\\\/zooco.es\\\/en\\\/estudio\\\/\",\"url\":\"https:\\\/\\\/zooco.es\\\/en\\\/estudio\\\/\",\"name\":\"Studio - Zooco Estudio de Arquitectura en Santander y Madrid\",\"isPartOf\":{\"@id\":\"https:\\\/\\\/zooco.es\\\/en\\\/#website\"},\"datePublished\":\"2019-03-19T13:06:09+00:00\",\"dateModified\":\"2025-12-02T14:54:05+00:00\",\"breadcrumb\":{\"@id\":\"https:\\\/\\\/zooco.es\\\/en\\\/estudio\\\/#breadcrumb\"},\"inLanguage\":\"en-US\",\"potentialAction\":[{\"@type\":\"ReadAction\",\"target\":[\"https:\\\/\\\/zooco.es\\\/en\\\/estudio\\\/\"]}]},{\"@type\":\"BreadcrumbList\",\"@id\":\"https:\\\/\\\/zooco.es\\\/en\\\/estudio\\\/#breadcrumb\",\"itemListElement\":[{\"@type\":\"ListItem\",\"position\":1,\"name\":\"Portada\",\"item\":\"https:\\\/\\\/zooco.es\\\/en\\\/\"},{\"@type\":\"ListItem\",\"position\":2,\"name\":\"Studio\"}]},{\"@type\":\"WebSite\",\"@id\":\"https:\\\/\\\/zooco.es\\\/en\\\/#website\",\"url\":\"https:\\\/\\\/zooco.es\\\/en\\\/\",\"name\":\"Zooco Estudio de Arquitectura en Santander y Madrid\",\"description\":\"Arquitectura\",\"potentialAction\":[{\"@type\":\"SearchAction\",\"target\":{\"@type\":\"EntryPoint\",\"urlTemplate\":\"https:\\\/\\\/zooco.es\\\/en\\\/?s={search_term_string}\"},\"query-input\":{\"@type\":\"PropertyValueSpecification\",\"valueRequired\":true,\"valueName\":\"search_term_string\"}}],\"inLanguage\":\"en-US\"}]}<\/script>\n<!-- \/ Yoast SEO plugin. -->","yoast_head_json":{"title":"Studio - Zooco Estudio de Arquitectura en Santander y Madrid","robots":{"index":"index","follow":"follow","max-snippet":"max-snippet:-1","max-image-preview":"max-image-preview:large","max-video-preview":"max-video-preview:-1"},"canonical":"https:\/\/zooco.es\/en\/estudio\/","og_locale":"en_US","og_type":"article","og_title":"Studio - Zooco Estudio de Arquitectura en Santander y Madrid","og_description":"[vc_row row_content_width=&#8221;grid&#8221; content_text_aligment=&#8221;&#8221; use_row_as_full_screen_section=&#8221;no&#8221;][vc_column][vc_single_image image=&#8221;8564&#8243; img_size=&#8221;full&#8221;][\/vc_column][\/vc_row][vc_row content_text_aligment=&#8221;&#8221; use_row_as_full_screen_section=&#8221;no&#8221;][vc_column][vc_empty_space][\/vc_column][\/vc_row][vc_row row_content_width=&#8221;grid&#8221; content_text_aligment=&#8221;&#8221; use_row_as_full_screen_section=&#8221;no&#8221; row_type=&#8221;row&#8221; type=&#8221;full_width&#8221; header_style=&#8221;&#8221; parallax_content_width=&#8221;in_grid&#8221; in_content_menu=&#8221;&#8221; content_menu_title=&#8221;&#8221; content_menu_icon=&#8221;&#8221; angled_section=&#8221;no&#8221; angled_section_position=&#8221;both&#8221; angled_section_direction=&#8221;from_left_to_right&#8221; text_align=&#8221;left&#8221; video=&#8221;&#8221; video_overlay=&#8221;&#8221; video_overlay_image=&#8221;&#8221; video_webm=&#8221;&#8221; video_mp4=&#8221;&#8221; video_ogv=&#8221;&#8221; video_image=&#8221;&#8221; background_image=&#8221;&#8221; background_image_as_pattern=&#8221;without_pattern&#8221; section_height=&#8221;&#8221; parallax_speed=&#8221;&#8221; background_color=&#8221;&#8221; border_color=&#8221;&#8221; row_negative_margin=&#8221;&#8221; side_padding=&#8221;&#8221; parallax_side_padding=&#8221;&#8221; padding_top=&#8221;&#8221; padding_bottom=&#8221;&#8221; color=&#8221;&#8221; hover_color=&#8221;&#8221; more_button_label=&#8221;&#8221; less_button_label=&#8221;&#8221; button_position=&#8221;&#8221; [&hellip;]","og_url":"https:\/\/zooco.es\/en\/estudio\/","og_site_name":"Zooco Estudio de Arquitectura en Santander y Madrid","article_modified_time":"2025-12-02T14:54:05+00:00","twitter_card":"summary_large_image","twitter_misc":{"Est. reading time":"3 minutes"},"schema":{"@context":"https:\/\/schema.org","@graph":[{"@type":"WebPage","@id":"https:\/\/zooco.es\/en\/estudio\/","url":"https:\/\/zooco.es\/en\/estudio\/","name":"Studio - Zooco Estudio de Arquitectura en Santander y Madrid","isPartOf":{"@id":"https:\/\/zooco.es\/en\/#website"},"datePublished":"2019-03-19T13:06:09+00:00","dateModified":"2025-12-02T14:54:05+00:00","breadcrumb":{"@id":"https:\/\/zooco.es\/en\/estudio\/#breadcrumb"},"inLanguage":"en-US","potentialAction":[{"@type":"ReadAction","target":["https:\/\/zooco.es\/en\/estudio\/"]}]},{"@type":"BreadcrumbList","@id":"https:\/\/zooco.es\/en\/estudio\/#breadcrumb","itemListElement":[{"@type":"ListItem","position":1,"name":"Portada","item":"https:\/\/zooco.es\/en\/"},{"@type":"ListItem","position":2,"name":"Studio"}]},{"@type":"WebSite","@id":"https:\/\/zooco.es\/en\/#website","url":"https:\/\/zooco.es\/en\/","name":"Zooco Estudio de Arquitectura en Santander y Madrid","description":"Arquitectura","potentialAction":[{"@type":"SearchAction","target":{"@type":"EntryPoint","urlTemplate":"https:\/\/zooco.es\/en\/?s={search_term_string}"},"query-input":{"@type":"PropertyValueSpecification","valueRequired":true,"valueName":"search_term_string"}}],"inLanguage":"en-US"}]}},"_links":{"self":[{"href":"https:\/\/zooco.es\/en\/wp-json\/wp\/v2\/pages\/6101","targetHints":{"allow":["GET"]}}],"collection":[{"href":"https:\/\/zooco.es\/en\/wp-json\/wp\/v2\/pages"}],"about":[{"href":"https:\/\/zooco.es\/en\/wp-json\/wp\/v2\/types\/page"}],"author":[{"embeddable":true,"href":"https:\/\/zooco.es\/en\/wp-json\/wp\/v2\/users\/3"}],"replies":[{"embeddable":true,"href":"https:\/\/zooco.es\/en\/wp-json\/wp\/v2\/comments?post=6101"}],"version-history":[{"count":4,"href":"https:\/\/zooco.es\/en\/wp-json\/wp\/v2\/pages\/6101\/revisions"}],"predecessor-version":[{"id":16349,"href":"https:\/\/zooco.es\/en\/wp-json\/wp\/v2\/pages\/6101\/revisions\/16349"}],"wp:attachment":[{"href":"https:\/\/zooco.es\/en\/wp-json\/wp\/v2\/media?parent=6101"}],"curies":[{"name":"wp","href":"https:\/\/api.w.org\/{rel}","templated":true}]}}